{"id":9,"date":"2011-09-01T18:50:20","date_gmt":"2011-09-01T16:50:20","guid":{"rendered":"http:\/\/www.beforetanen.fr\/wordpress\/?page_id=9"},"modified":"2017-12-06T12:56:38","modified_gmt":"2017-12-06T10:56:38","slug":"booking","status":"publish","type":"page","link":"https:\/\/www.beforetanen.fr\/wordpress\/?page_id=9","title":{"rendered":"Booking &#038; Presse"},"content":{"rendered":"<p>Vous voulez faire jouer BEFORE TANEN ?<br \/>\n<strong><a href=\"mailto:beforetanen@gmail.com\">Contactez-nous par Mail<\/a><\/strong><\/p>\n<p>Vous souhaitez \u00e9crire un article sur BEFORE TANEN ?<br \/>\n<strong><a href=\"http:\/\/www.beforetanen.fr\/files\/BeforeTanen_DossierDePresse.zip\">T\u00e9l\u00e9chargez le dossier de presse et la photo HD<\/a><\/strong><\/p>\n","protected":false},"excerpt":{"rendered":"<p>Vous voulez faire jouer BEFORE TANEN ? Contactez-nous par Mail Vous souhaitez \u00e9crire un article sur BEFORE TANEN ? T\u00e9l\u00e9chargez le dossier de presse et la photo HD<\/p>\n","protected":false},"author":1,"featured_media":0,"parent":0,"menu_order":2,"comment_status":"closed","ping_status":"closed","template":"","meta":[],"_links":{"self":[{"href":"https:\/\/www.beforetanen.fr\/wordpress\/index.php?rest_route=\/wp\/v2\/pages\/9"}],"collection":[{"href":"https:\/\/www.beforetanen.fr\/wordpress\/index.php?rest_route=\/wp\/v2\/pages"}],"about":[{"href":"https:\/\/www.beforetanen.fr\/wordpress\/index.php?rest_route=\/wp\/v2\/types\/page"}],"author":[{"embeddable":true,"href":"https:\/\/www.beforetanen.fr\/wordpress\/index.php?rest_route=\/wp\/v2\/users\/1"}],"replies":[{"embeddable":true,"href":"https:\/\/www.beforetanen.fr\/wordpress\/index.php?rest_route=%2Fwp%2Fv2%2Fcomments&post=9"}],"version-history":[{"count":23,"href":"https:\/\/www.beforetanen.fr\/wordpress\/index.php?rest_route=\/wp\/v2\/pages\/9\/revisions"}],"predecessor-version":[{"id":497,"href":"https:\/\/www.beforetanen.fr\/wordpress\/index.php?rest_route=\/wp\/v2\/pages\/9\/revisions\/497"}],"wp:attachment":[{"href":"https:\/\/www.beforetanen.fr\/wordpress\/index.php?rest_route=%2Fwp%2Fv2%2Fmedia&parent=9"}],"curies":[{"name":"wp","href":"https:\/\/api.w.org\/{rel}","templated":true}]}}