{"id":76,"date":"2011-12-14T14:19:26","date_gmt":"2011-12-14T12:19:26","guid":{"rendered":"http:\/\/www.beforetanen.fr\/wordpress\/?page_id=76"},"modified":"2017-12-06T13:03:50","modified_gmt":"2017-12-06T11:03:50","slug":"bio","status":"publish","type":"page","link":"https:\/\/www.beforetanen.fr\/wordpress\/?page_id=76","title":{"rendered":"Bio"},"content":{"rendered":"<p><a href=\"http:\/\/www.beforetanen.fr\/wordpress\/wp-content\/uploads\/2011\/12\/IMG_20170712_232454_cool.jpg\"><img decoding=\"async\" loading=\"lazy\" class=\"size-medium wp-image-410\" src=\"http:\/\/www.beforetanen.fr\/wordpress\/wp-content\/uploads\/2011\/12\/IMG_20170712_232454_cool-300x161.jpg\" alt=\"dav\" width=\"300\" height=\"161\" srcset=\"https:\/\/www.beforetanen.fr\/wordpress\/wp-content\/uploads\/2011\/12\/IMG_20170712_232454_cool-300x161.jpg 300w, https:\/\/www.beforetanen.fr\/wordpress\/wp-content\/uploads\/2011\/12\/IMG_20170712_232454_cool-768x413.jpg 768w, https:\/\/www.beforetanen.fr\/wordpress\/wp-content\/uploads\/2011\/12\/IMG_20170712_232454_cool-1024x550.jpg 1024w, https:\/\/www.beforetanen.fr\/wordpress\/wp-content\/uploads\/2011\/12\/IMG_20170712_232454_cool-500x269.jpg 500w\" sizes=\"(max-width: 300px) 100vw, 300px\" \/><\/a><\/p>\n<p>Depuis leur formation en 2007, les 4 Quimp\u00e9rois de BEFORE TANEN s&rsquo;appliquent \u00e0 livrer une \u00e9nergie sonore \u00e0 grands coups de morceaux stoner et power rock. D\u00e8s la cr\u00e9ation, ils attaquent d&#8217;embl\u00e9e la sc\u00e8ne avec un premier EP 3 titres \u00e0 d\u00e9fendre, dont on retiendra le titre \u00ab\u00a0High is a law\u00a0\u00bb qui a su convaincre le public.<br \/>\nEn 2009, leur premier album \u00ab\u00a0Life Expires Like Optimism\u00a0\u00bb voit le jour. Opus compos\u00e9 de morceaux bien tremp\u00e9s et efficaces, il regorge de refrains ravageurs et de m\u00e9lodies ent\u00eatantes difficiles \u00e0 oublier. Avec des influences comme Queens Of The Stone Age, Spoon, The Thermals, Lack ou encore Future Of The Left, on entend d\u00e9j\u00e0 vers quelle voie le groupe peut s&rsquo;orienter: \u00e7a va envoyer du gros son !<br \/>\nEn 2011, leur second album \u00ab\u00a0Unknown Stars\u00a0\u00bb fait passer le groupe dans une nouvelle cat\u00e9gorie. Un son bien travaill\u00e9, des morceaux construits pour vous faire ressentir l&rsquo;\u00e9nergie sc\u00e9nique, un chant et des ch\u0153urs \u00e0 l&rsquo;unisson transportent le stoner vers une musique abordable \u00e0 tous.<br \/>\nLes webzines et fanzines ne s&rsquo;y sont pas tromp\u00e9s:<\/p>\n<p>\u00ab\u00a0Leur power rock combine le dynamisme de Foo Fighters et la virtuosit\u00e9 musicale de Spoon et de Queens Of The Stone Age (rythmiques puissantes et g\u00e9n\u00e9reuses) avec un chant entre Paul Banks (Interpol) et Billy Lunn (The Subways). On en redemande. Tu sais quoi faire. Play again !\u00a0\u00bb W-Fenec (Webzine)<\/p>\n<p>\u00ab\u00a0Ce nouvel opus est sans temps mort, alternant m\u00e9lodies bien trouss\u00e9es et puissance sonique imparable. (&#8230;) Les amateurs de gros son seront ici \u00e0 bonne enseigne, entre power pop et stoner pour des influences lorgnant toujours vers les QOTSA, Spoon, Soundgarden voir m\u00eame Interpol pour les passages plus eighties. Certains titres m\u00e9riteraient carr\u00e9ment de devenir des tubes comme \u00ab The Fuse \u00bb, \u00ab Fellow \u00bb ou le tr\u00e8s beau \u00ab Aurora \u00bb.\u00a0\u00bb Mazout (Fanzine &#8211; Brest)<\/p>\n<p>Apr\u00e8s avoir remport\u00e9 le tremplin de Bobital en 2013, \u00e7a fait maintenant 4 ans qu&rsquo;on attendait le retour du groupe Quimperois. Autant dire qu&rsquo;on les attendait au tournant !<br \/>\nAvec un son radicalement puissant et des compositions subtilement ficel\u00e9es, les fans de gros rock savent d\u00e9j\u00e0 \u00e0 quoi s&rsquo;en tenir avec ce nouvel opus.<br \/>\nNomm\u00e9 \u00ab\u00a0Behind the Door\u00a0\u00bb et compos\u00e9 de 10 titres aux refrains d\u00e9vastateurs, l&rsquo;attente en valait la peine ! Avec Joris SAIDANI (Corbeaux, Fragments,&#8230;) aux manettes et Thibault CHAUMONT (Von Pariahs, Microfilm, Bison Bisou, Gojira,&#8230;) au mastering, leurs morceaux prennent une autre dimension: il en r\u00e9sulte un son plus trapu et une atmosph\u00e8re intense qui donne une impression de proximit\u00e9 \u00e0 l&rsquo;auditeur.<\/p>\n<p>Et quoi de mieux qu&rsquo;une release party dans la magnifique salle du Novomax (Quimper) pour faire d\u00e9couvrir ce nouvel album. Accompagn\u00e9s des excellents Our Name Is a Fake (Rock Electro &#8211; Rennes), Before Tanen a su montrer au public Quimperois qu&rsquo;ils n&rsquo;avaient rien perdu de leur \u00e9nergie sc\u00e9nique.<\/p>\n","protected":false},"excerpt":{"rendered":"<p>Depuis leur formation en 2007, les 4 Quimp\u00e9rois de BEFORE TANEN s&rsquo;appliquent \u00e0 livrer une \u00e9nergie sonore \u00e0 grands coups de morceaux stoner et power rock. D\u00e8s la cr\u00e9ation, ils attaquent d&#8217;embl\u00e9e la sc\u00e8ne avec un premier EP 3 titres &hellip; <a href=\"https:\/\/www.beforetanen.fr\/wordpress\/?page_id=76\">Continuer la lecture <span class=\"meta-nav\">&rarr;<\/span><\/a><\/p>\n","protected":false},"author":1,"featured_media":0,"parent":0,"menu_order":0,"comment_status":"closed","ping_status":"open","template":"","meta":[],"_links":{"self":[{"href":"https:\/\/www.beforetanen.fr\/wordpress\/index.php?rest_route=\/wp\/v2\/pages\/76"}],"collection":[{"href":"https:\/\/www.beforetanen.fr\/wordpress\/index.php?rest_route=\/wp\/v2\/pages"}],"about":[{"href":"https:\/\/www.beforetanen.fr\/wordpress\/index.php?rest_route=\/wp\/v2\/types\/page"}],"author":[{"embeddable":true,"href":"https:\/\/www.beforetanen.fr\/wordpress\/index.php?rest_route=\/wp\/v2\/users\/1"}],"replies":[{"embeddable":true,"href":"https:\/\/www.beforetanen.fr\/wordpress\/index.php?rest_route=%2Fwp%2Fv2%2Fcomments&post=76"}],"version-history":[{"count":9,"href":"https:\/\/www.beforetanen.fr\/wordpress\/index.php?rest_route=\/wp\/v2\/pages\/76\/revisions"}],"predecessor-version":[{"id":500,"href":"https:\/\/www.beforetanen.fr\/wordpress\/index.php?rest_route=\/wp\/v2\/pages\/76\/revisions\/500"}],"wp:attachment":[{"href":"https:\/\/www.beforetanen.fr\/wordpress\/index.php?rest_route=%2Fwp%2Fv2%2Fmedia&parent=76"}],"curies":[{"name":"wp","href":"https:\/\/api.w.org\/{rel}","templated":true}]}}