{"id":116,"date":"2011-09-27T23:03:54","date_gmt":"2011-09-27T21:03:54","guid":{"rendered":"http:\/\/www.beforetanen.fr\/wordpress\/?page_id=116"},"modified":"2017-11-11T02:47:13","modified_gmt":"2017-11-11T00:47:13","slug":"telechargement","status":"publish","type":"page","link":"https:\/\/www.beforetanen.fr\/wordpress\/?page_id=116","title":{"rendered":"T\u00e9l\u00e9chargement MP3"},"content":{"rendered":"<p>Vous avez d\u00e9j\u00e0 un code de t\u00e9l\u00e9chargement ?<br \/>\nCliquez sur <a href=\"http:\/\/www.beforetanen.fr\/download\">ce lien<\/a> puis renseignez votre code pour lancer le t\u00e9l\u00e9chargement.<\/p>\n<p>Vous souhaitez commander un code de t\u00e9l\u00e9chargement ?<br \/>\nRendez-vous dans le <a href=\"http:\/\/www.beforetanen.fr\/wordpress\/?page_id=74\">Shop<\/a><\/p>\n<p>&nbsp;<\/p>\n<hr align=\"center\" size=\"3\" width=\"50%\" \/>\n<p style=\"text-align: center;\">Nos albums sont \u00e9galement disponibles sur: \u00a0<a href=\"http:\/\/www.deezer.com\/fr\/artist\/340885\"><img decoding=\"async\" loading=\"lazy\" class=\"aligncenter\" title=\"Deezer\" src=\"http:\/\/www.presse-citron.net\/wordpress_prod\/wp-content\/uploads\/deezer-logo.jpg\" alt=\"Deezer\" width=\"415\" height=\"203\" \/><\/a><a href=\"http:\/\/open.spotify.com\/artist\/1TOukJnOsOe6L17Vwgmsnc\"><img decoding=\"async\" loading=\"lazy\" class=\"aligncenter\" title=\"Spotify\" src=\"http:\/\/www.journaldugeek.com\/files\/2012\/11\/Spotify.png\" alt=\"Spotify\" width=\"405\" height=\"220\" \/><\/a><a href=\"https:\/\/itunes.apple.com\/fr\/artist\/before-tanen\/id320463688\"><img decoding=\"async\" loading=\"lazy\" class=\"aligncenter\" title=\"Itunes\" src=\"http:\/\/diymusician.cdbaby.com\/wp-content\/uploads\/2011\/10\/itunes-logo.jpg\" alt=\"Itunes\" width=\"400\" height=\"240\" \/><\/a><a href=\"http:\/\/www.amazon.fr\/s\/ref=ntt_srch_drd_B002DTW7OS?ie=UTF8&amp;field-keywords=Before%20Tanen&amp;index=digital-music&amp;search-type=ss\"><img decoding=\"async\" loading=\"lazy\" class=\"aligncenter\" title=\"Amazon\" src=\"http:\/\/www.journaldugeek.com\/files\/2013\/02\/amazon-logo.jpeg-w288.jpg\" alt=\"Amazon\" width=\"389\" height=\"227\" \/><\/a><\/p>\n<p>&nbsp;<\/p>\n<p>&nbsp;<\/p>\n<p>&nbsp;<\/p>\n","protected":false},"excerpt":{"rendered":"<p>Vous avez d\u00e9j\u00e0 un code de t\u00e9l\u00e9chargement ? Cliquez sur ce lien puis renseignez votre code pour lancer le t\u00e9l\u00e9chargement. Vous souhaitez commander un code de t\u00e9l\u00e9chargement ? Rendez-vous dans le Shop &nbsp; Nos albums sont \u00e9galement disponibles sur: \u00a0 &hellip; <a href=\"https:\/\/www.beforetanen.fr\/wordpress\/?page_id=116\">Continuer la lecture <span class=\"meta-nav\">&rarr;<\/span><\/a><\/p>\n","protected":false},"author":1,"featured_media":0,"parent":110,"menu_order":0,"comment_status":"closed","ping_status":"closed","template":"","meta":[],"_links":{"self":[{"href":"https:\/\/www.beforetanen.fr\/wordpress\/index.php?rest_route=\/wp\/v2\/pages\/116"}],"collection":[{"href":"https:\/\/www.beforetanen.fr\/wordpress\/index.php?rest_route=\/wp\/v2\/pages"}],"about":[{"href":"https:\/\/www.beforetanen.fr\/wordpress\/index.php?rest_route=\/wp\/v2\/types\/page"}],"author":[{"embeddable":true,"href":"https:\/\/www.beforetanen.fr\/wordpress\/index.php?rest_route=\/wp\/v2\/users\/1"}],"replies":[{"embeddable":true,"href":"https:\/\/www.beforetanen.fr\/wordpress\/index.php?rest_route=%2Fwp%2Fv2%2Fcomments&post=116"}],"version-history":[{"count":13,"href":"https:\/\/www.beforetanen.fr\/wordpress\/index.php?rest_route=\/wp\/v2\/pages\/116\/revisions"}],"predecessor-version":[{"id":484,"href":"https:\/\/www.beforetanen.fr\/wordpress\/index.php?rest_route=\/wp\/v2\/pages\/116\/revisions\/484"}],"up":[{"embeddable":true,"href":"https:\/\/www.beforetanen.fr\/wordpress\/index.php?rest_route=\/wp\/v2\/pages\/110"}],"wp:attachment":[{"href":"https:\/\/www.beforetanen.fr\/wordpress\/index.php?rest_route=%2Fwp%2Fv2%2Fmedia&parent=116"}],"curies":[{"name":"wp","href":"https:\/\/api.w.org\/{rel}","templated":true}]}}