{"id":110,"date":"2011-09-27T22:55:43","date_gmt":"2011-09-27T20:55:43","guid":{"rendered":"http:\/\/www.beforetanen.fr\/wordpress\/?page_id=110"},"modified":"2017-11-11T02:34:50","modified_gmt":"2017-11-11T00:34:50","slug":"shop","status":"publish","type":"page","link":"https:\/\/www.beforetanen.fr\/wordpress\/?page_id=110","title":{"rendered":"Shop &#038; Mp3"},"content":{"rendered":"<p>Si vous souhaitez commander CD, T shirt, MP3, &#8230; : <a title=\"Shop (Commande)\" href=\"http:\/\/www.beforetanen.fr\/wordpress\/?page_id=74\">Shop (commande)<\/a><br \/>\nSi vous avez d\u00e9j\u00e0 un code de t\u00e9l\u00e9chargement MP3: <a title=\"T\u00e9l\u00e9chargement MP3\" href=\"http:\/\/www.beforetanen.fr\/download\">Plateforme de t\u00e9l\u00e9chargement<\/a><\/p>\n","protected":false},"excerpt":{"rendered":"<p>Si vous souhaitez commander CD, T shirt, MP3, &#8230; : Shop (commande) Si vous avez d\u00e9j\u00e0 un code de t\u00e9l\u00e9chargement MP3: Plateforme de t\u00e9l\u00e9chargement<\/p>\n","protected":false},"author":1,"featured_media":0,"parent":0,"menu_order":0,"comment_status":"closed","ping_status":"closed","template":"","meta":[],"_links":{"self":[{"href":"https:\/\/www.beforetanen.fr\/wordpress\/index.php?rest_route=\/wp\/v2\/pages\/110"}],"collection":[{"href":"https:\/\/www.beforetanen.fr\/wordpress\/index.php?rest_route=\/wp\/v2\/pages"}],"about":[{"href":"https:\/\/www.beforetanen.fr\/wordpress\/index.php?rest_route=\/wp\/v2\/types\/page"}],"author":[{"embeddable":true,"href":"https:\/\/www.beforetanen.fr\/wordpress\/index.php?rest_route=\/wp\/v2\/users\/1"}],"replies":[{"embeddable":true,"href":"https:\/\/www.beforetanen.fr\/wordpress\/index.php?rest_route=%2Fwp%2Fv2%2Fcomments&post=110"}],"version-history":[{"count":13,"href":"https:\/\/www.beforetanen.fr\/wordpress\/index.php?rest_route=\/wp\/v2\/pages\/110\/revisions"}],"predecessor-version":[{"id":478,"href":"https:\/\/www.beforetanen.fr\/wordpress\/index.php?rest_route=\/wp\/v2\/pages\/110\/revisions\/478"}],"wp:attachment":[{"href":"https:\/\/www.beforetanen.fr\/wordpress\/index.php?rest_route=%2Fwp%2Fv2%2Fmedia&parent=110"}],"curies":[{"name":"wp","href":"https:\/\/api.w.org\/{rel}","templated":true}]}}